{"id":496,"date":"2025-07-02T07:45:47","date_gmt":"2025-07-02T11:45:47","guid":{"rendered":"https:\/\/new.gflacroix.com\/sectors-of-activity\/"},"modified":"2025-08-11T17:07:16","modified_gmt":"2025-08-11T21:07:16","slug":"sectors-of-activity","status":"publish","type":"page","link":"https:\/\/gflacroix.com\/en\/sectors-of-activity\/","title":{"rendered":"Sectors of activity"},"content":{"rendered":"<p>[et_pb_section fb_built=&#8221;1&#8243; custom_padding_last_edited=&#8221;on|phone&#8221; _builder_version=&#8221;4.27.4&#8243; _module_preset=&#8221;default&#8221; use_background_color_gradient=&#8221;on&#8221; background_color_gradient_stops=&#8221;rgba(1,17,4,0) 0%|rgba(1,17,4,0.36) 36%|rgba(1,17,4,0.92) 100%&#8221; background_color_gradient_overlays_image=&#8221;on&#8221; background_image=&#8221;http:\/\/gflacroix.com\/wp-content\/uploads\/2025\/05\/accueil-gestion-forestiere-lacroix-foret.jpg&#8221; background_position=&#8221;bottom_center&#8221; custom_padding=&#8221;0px||0px||true|false&#8221; custom_padding_tablet=&#8221;10%||9%||false|false&#8221; custom_padding_phone=&#8221;14%||13%||false|false&#8221; global_colors_info=&#8221;{}&#8221;][et_pb_row use_custom_gutter=&#8221;on&#8221; gutter_width=&#8221;1&#8243; make_equal=&#8221;on&#8221; _builder_version=&#8221;4.27.4&#8243; _module_preset=&#8221;default&#8221; width=&#8221;100%&#8221; max_width=&#8221;100%&#8221; custom_padding=&#8221;0px||0px||true|false&#8221; global_colors_info=&#8221;{}&#8221;][et_pb_column type=&#8221;4_4&#8243; _builder_version=&#8221;4.27.4&#8243; _module_preset=&#8221;default&#8221; background_enable_color=&#8221;off&#8221; custom_padding=&#8221;6%|7%|4%|7%|false|true&#8221; custom_padding_tablet=&#8221;6%|7%|4%|7%|false|true&#8221; custom_padding_phone=&#8221;6%|7%|4%|7%|false|true&#8221; custom_padding_last_edited=&#8221;on|desktop&#8221; global_colors_info=&#8221;{}&#8221;][et_pb_text _builder_version=&#8221;4.27.4&#8243; _module_preset=&#8221;default&#8221; header_font=&#8221;|300||on|||||&#8221; header_text_align=&#8221;center&#8221; header_text_color=&#8221;#ffffff&#8221; header_font_size=&#8221;2.8vw&#8221; header_letter_spacing=&#8221;1px&#8221; animation_style=&#8221;slide&#8221; animation_direction=&#8221;top&#8221; animation_duration=&#8221;500ms&#8221; animation_intensity_slide=&#8221;10%&#8221; header_font_size_tablet=&#8221;35px&#8221; header_font_size_phone=&#8221;30px&#8221; header_font_size_last_edited=&#8221;on|phone&#8221; header_text_shadow_style=&#8221;preset3&#8243; header_text_shadow_blur_strength=&#8221;0.84em&#8221; header_text_shadow_color=&#8221;rgba(0,0,0,0.55)&#8221; global_colors_info=&#8221;{}&#8221;]<\/p>\n<h1>Sectors of activity<\/h1>\n<p>[\/et_pb_text][\/et_pb_column][\/et_pb_row][\/et_pb_section][et_pb_section fb_built=&#8221;1&#8243; module_class=&#8221;section-secteurs-3col&#8221; _builder_version=&#8221;4.27.4&#8243; _module_preset=&#8221;default&#8221; background_color=&#8221;#14471E&#8221; background_enable_image=&#8221;off&#8221; background_position=&#8221;bottom_center&#8221; custom_padding=&#8221;0px||0px||true|false&#8221; global_colors_info=&#8221;{}&#8221;][et_pb_row column_structure=&#8221;1_3,1_3,1_3&#8243; use_custom_gutter=&#8221;on&#8221; gutter_width=&#8221;1&#8243; make_equal=&#8221;on&#8221; custom_padding_last_edited=&#8221;on|phone&#8221; _builder_version=&#8221;4.27.4&#8243; _module_preset=&#8221;default&#8221; width=&#8221;100%&#8221; max_width=&#8221;100%&#8221; custom_margin=&#8221;||||false|false&#8221; custom_padding=&#8221;15px|15px|15px|15px|true|true&#8221; custom_padding_tablet=&#8221;15px|15px|15px|15px|true|true&#8221; custom_padding_phone=&#8221;15px|0px|15px|0px|true|true&#8221; global_colors_info=&#8221;{}&#8221;][et_pb_column type=&#8221;1_3&#8243; module_class=&#8221;flex-col&#8221; _builder_version=&#8221;4.27.4&#8243; _module_preset=&#8221;default&#8221; background_color=&#8221;RGBA(255,255,255,0)&#8221; background_image=&#8221;http:\/\/gflacroix.com\/wp-content\/uploads\/2025\/07\/amenagement-forestier-gestion-forestiere-lacroix-1.jpg&#8221; custom_padding=&#8221;18%|0px|0px|0px|false|true&#8221; custom_padding_tablet=&#8221;27%|0px|0px|0px|false|true&#8221; custom_padding_phone=&#8221;40%|0px|0px|0px|false|true&#8221; custom_padding_last_edited=&#8221;on|tablet&#8221; border_radii=&#8221;off|20px|20px|20px|&#8221; border_color_all=&#8221;#14471E&#8221; border_width_bottom_tablet=&#8221;15px&#8221; border_width_bottom_phone=&#8221;15px&#8221; border_width_bottom_last_edited=&#8221;on|phone&#8221; global_colors_info=&#8221;{}&#8221;][et_pb_cta title=&#8221;Forest Management&#8221; button_url=&#8221;@ET-DC@eyJkeW5hbWljIjp0cnVlLCJjb250ZW50IjoicG9zdF9saW5rX3VybF9wYWdlIiwic2V0dGluZ3MiOnsicG9zdF9pZCI6IjIwOSJ9fQ==@&#8221; button_text=&#8221;Learn more&#8221; _builder_version=&#8221;4.27.4&#8243; _dynamic_attributes=&#8221;button_url&#8221; _module_preset=&#8221;default&#8221; header_font=&#8221;|300||on|||||&#8221; header_font_size=&#8221;32px&#8221; body_text_color=&#8221;#EEF6F5&#8243; body_font_size=&#8221;16px&#8221; body_line_height=&#8221;1.4em&#8221; background_color=&#8221;rgba(1,17,4,0.82)&#8221; custom_button=&#8221;on&#8221; button_icon=&#8221;&#x35;||divi||400&#8243; button_on_hover=&#8221;off&#8221; button_custom_padding=&#8221;0.5em|2.3em|0.5em|1.5em|true|false&#8221; width=&#8221;65%&#8221; width_tablet=&#8221;40%&#8221; width_phone=&#8221;65%&#8221; width_last_edited=&#8221;on|desktop&#8221; max_width=&#8221;65%&#8221; module_alignment=&#8221;left&#8221; custom_padding=&#8221;35px||40px||false|false&#8221; custom_padding_tablet=&#8221;35px||40px||false|false&#8221; custom_padding_phone=&#8221;35px|20px|40px|20px|false|true&#8221; custom_padding_last_edited=&#8221;on|phone&#8221; animation_style=&#8221;slide&#8221; animation_direction=&#8221;top&#8221; animation_duration=&#8221;500ms&#8221; animation_intensity_slide=&#8221;10%&#8221; header_font_size_tablet=&#8221;25px&#8221; header_font_size_phone=&#8221;22px&#8221; header_font_size_last_edited=&#8221;on|tablet&#8221; border_radii=&#8221;off||20px||&#8221; global_colors_info=&#8221;{}&#8221;][\/et_pb_cta][\/et_pb_column][et_pb_column type=&#8221;1_3&#8243; module_class=&#8221;flex-col&#8221; _builder_version=&#8221;4.27.4&#8243; _module_preset=&#8221;default&#8221; background_color=&#8221;RGBA(255,255,255,0)&#8221; background_image=&#8221;http:\/\/gflacroix.com\/wp-content\/uploads\/2025\/07\/chasse-gestion-faune-accueil-gfli-3.jpg&#8221; background_position=&#8221;bottom_center&#8221; custom_padding=&#8221;18%|0px|0px|0px|false|true&#8221; custom_padding_tablet=&#8221;27%||||false|true&#8221; custom_padding_phone=&#8221;40%||||false|true&#8221; custom_padding_last_edited=&#8221;on|phone&#8221; border_radii=&#8221;off|20px|20px|20px|&#8221; border_color_all=&#8221;#14471E&#8221; border_width_bottom_tablet=&#8221;15px&#8221; border_width_bottom_phone=&#8221;15px&#8221; border_width_bottom_last_edited=&#8221;on|phone&#8221; border_width_left_tablet=&#8221;0px&#8221; border_width_left_phone=&#8221;0px&#8221; border_width_left_last_edited=&#8221;on|tablet&#8221; global_colors_info=&#8221;{}&#8221;][et_pb_cta title=&#8221;Duni\u00e8re Wildlife Reserve Management&#8221; button_url=&#8221;@ET-DC@eyJkeW5hbWljIjp0cnVlLCJjb250ZW50IjoicG9zdF9saW5rX3VybF9wYWdlIiwic2V0dGluZ3MiOnsicG9zdF9pZCI6IjIxOCJ9fQ==@&#8221; button_text=&#8221;Learn more&#8221; _builder_version=&#8221;4.27.4&#8243; _dynamic_attributes=&#8221;button_url&#8221; _module_preset=&#8221;default&#8221; header_font=&#8221;|300||on|||||&#8221; header_font_size=&#8221;32px&#8221; body_text_color=&#8221;#EEF6F5&#8243; body_font_size=&#8221;16px&#8221; body_line_height=&#8221;1.4em&#8221; background_color=&#8221;rgba(1,17,4,0.82)&#8221; custom_button=&#8221;on&#8221; button_icon=&#8221;&#x35;||divi||400&#8243; button_on_hover=&#8221;off&#8221; button_custom_padding=&#8221;0.5em|2.3em|0.5em|1.5em|true|false&#8221; width=&#8221;65%&#8221; width_tablet=&#8221;40%&#8221; width_phone=&#8221;65%&#8221; width_last_edited=&#8221;on|tablet&#8221; max_width=&#8221;65%&#8221; module_alignment=&#8221;left&#8221; custom_padding=&#8221;35px|25px|40px|25px|false|true&#8221; custom_padding_tablet=&#8221;35px|20px|40px|20px|false|true&#8221; custom_padding_phone=&#8221;35px|20px|40px|20px|false|true&#8221; custom_padding_last_edited=&#8221;on|phone&#8221; animation_style=&#8221;slide&#8221; animation_direction=&#8221;top&#8221; animation_duration=&#8221;500ms&#8221; animation_intensity_slide=&#8221;10%&#8221; hover_enabled=&#8221;0&#8243; header_font_size_tablet=&#8221;25px&#8221; header_font_size_phone=&#8221;22px&#8221; header_font_size_last_edited=&#8221;on|tablet&#8221; border_radii=&#8221;off||20px||&#8221; global_colors_info=&#8221;{}&#8221; sticky_enabled=&#8221;0&#8243;][\/et_pb_cta][\/et_pb_column][et_pb_column type=&#8221;1_3&#8243; module_class=&#8221;flex-col&#8221; _builder_version=&#8221;4.27.4&#8243; _module_preset=&#8221;default&#8221; background_color=&#8221;RGBA(255,255,255,0)&#8221; background_image=&#8221;http:\/\/gflacroix.com\/wp-content\/uploads\/2025\/05\/sectuers-gfli-accueil-3.jpg&#8221; custom_padding=&#8221;18%|0px|0px|0px|false|true&#8221; custom_padding_tablet=&#8221;18%|0px|0px|0px|false|true&#8221; custom_padding_phone=&#8221;40%|0px|0px|0px|false|true&#8221; custom_padding_last_edited=&#8221;on|desktop&#8221; border_radii=&#8221;off|20px|20px|20px|&#8221; border_color_all=&#8221;#14471E&#8221; border_width_bottom_tablet=&#8221;15px&#8221; border_width_bottom_phone=&#8221;15px&#8221; border_width_bottom_last_edited=&#8221;on|tablet&#8221; border_width_left_tablet=&#8221;0px&#8221; border_width_left_phone=&#8221;0px&#8221; border_width_left_last_edited=&#8221;on|tablet&#8221; global_colors_info=&#8221;{}&#8221;][et_pb_cta title=&#8221;Forestry Operations&#8221; button_url=&#8221;@ET-DC@eyJkeW5hbWljIjp0cnVlLCJjb250ZW50IjoicG9zdF9saW5rX3VybF9wYWdlIiwic2V0dGluZ3MiOnsicG9zdF9pZCI6IjEzOSJ9fQ==@&#8221; button_text=&#8221;Learn more&#8221; _builder_version=&#8221;4.27.4&#8243; _dynamic_attributes=&#8221;button_url&#8221; _module_preset=&#8221;default&#8221; header_font=&#8221;|300||on|||||&#8221; header_font_size=&#8221;32px&#8221; body_text_color=&#8221;#EEF6F5&#8243; body_font_size=&#8221;16px&#8221; body_line_height=&#8221;1.4em&#8221; background_color=&#8221;rgba(1,17,4,0.82)&#8221; custom_button=&#8221;on&#8221; button_icon=&#8221;&#x35;||divi||400&#8243; button_on_hover=&#8221;off&#8221; button_custom_padding=&#8221;0.5em|2.3em|0.5em|1.5em|true|false&#8221; width=&#8221;65%&#8221; width_tablet=&#8221;40%&#8221; width_phone=&#8221;65%&#8221; width_last_edited=&#8221;on|tablet&#8221; max_width=&#8221;65%&#8221; module_alignment=&#8221;left&#8221; custom_padding=&#8221;35px||40px||false|false&#8221; custom_padding_tablet=&#8221;35px||40px||false|false&#8221; custom_padding_phone=&#8221;35px|20px|40px|20px|false|true&#8221; custom_padding_last_edited=&#8221;on|phone&#8221; animation_style=&#8221;slide&#8221; animation_direction=&#8221;top&#8221; animation_duration=&#8221;500ms&#8221; animation_intensity_slide=&#8221;10%&#8221; header_font_size_tablet=&#8221;25px&#8221; header_font_size_phone=&#8221;22px&#8221; header_font_size_last_edited=&#8221;on|tablet&#8221; border_radii=&#8221;off||20px||&#8221; global_colors_info=&#8221;{}&#8221;][\/et_pb_cta][\/et_pb_column][\/et_pb_row][\/et_pb_section]<\/p>\n","protected":false},"excerpt":{"rendered":"<p>Sectors of activity<\/p>\n","protected":false},"author":1,"featured_media":396,"parent":0,"menu_order":0,"comment_status":"closed","ping_status":"closed","template":"","meta":{"_et_pb_use_builder":"on","_et_pb_old_content":"","_et_gb_content_width":"","footnotes":""},"class_list":["post-496","page","type-page","status-publish","has-post-thumbnail","hentry"],"yoast_head":"<!-- This site is optimized with the Yoast SEO plugin v25.6 - https:\/\/yoast.com\/wordpress\/plugins\/seo\/ -->\n<title>Sectors of activity - Gestion Foresti\u00e8re Lacroix<\/title>\n<meta name=\"robots\" content=\"index, follow, max-snippet:-1, max-image-preview:large, max-video-preview:-1\" \/>\n<link rel=\"canonical\" href=\"https:\/\/gflacroix.com\/secteurs-activites\/\" \/>\n<meta property=\"og:locale\" content=\"en_US\" \/>\n<meta property=\"og:type\" content=\"article\" \/>\n<meta property=\"og:title\" content=\"Sectors of activity - Gestion Foresti\u00e8re Lacroix\" \/>\n<meta property=\"og:description\" content=\"Sectors of activity\" \/>\n<meta property=\"og:url\" content=\"https:\/\/gflacroix.com\/secteurs-activites\/\" \/>\n<meta property=\"og:site_name\" content=\"Gestion Foresti\u00e8re Lacroix\" \/>\n<meta property=\"article:modified_time\" content=\"2025-08-11T21:07:16+00:00\" \/>\n<meta property=\"og:image\" content=\"https:\/\/gflacroix.com\/wp-content\/uploads\/2025\/05\/oprations-forestieres-gestion-forestiere0lacroix.jpg\" \/>\n\t<meta property=\"og:image:width\" content=\"1860\" \/>\n\t<meta property=\"og:image:height\" content=\"915\" \/>\n\t<meta property=\"og:image:type\" content=\"image\/jpeg\" \/>\n<meta name=\"twitter:card\" content=\"summary_large_image\" \/>\n<meta name=\"twitter:label1\" content=\"Est. reading time\" \/>\n\t<meta name=\"twitter:data1\" content=\"6 minutes\" \/>\n<script type=\"application\/ld+json\" class=\"yoast-schema-graph\">{\"@context\":\"https:\/\/schema.org\",\"@graph\":[{\"@type\":\"WebPage\",\"@id\":\"https:\/\/gflacroix.com\/secteurs-activites\/\",\"url\":\"https:\/\/gflacroix.com\/secteurs-activites\/\",\"name\":\"Sectors of activity - Gestion Foresti\u00e8re Lacroix\",\"isPartOf\":{\"@id\":\"https:\/\/gflacroix.com\/#website\"},\"primaryImageOfPage\":{\"@id\":\"https:\/\/gflacroix.com\/secteurs-activites\/#primaryimage\"},\"image\":{\"@id\":\"https:\/\/gflacroix.com\/secteurs-activites\/#primaryimage\"},\"thumbnailUrl\":\"https:\/\/gflacroix.com\/wp-content\/uploads\/2025\/05\/oprations-forestieres-gestion-forestiere0lacroix.jpg\",\"datePublished\":\"2025-07-02T11:45:47+00:00\",\"dateModified\":\"2025-08-11T21:07:16+00:00\",\"breadcrumb\":{\"@id\":\"https:\/\/gflacroix.com\/secteurs-activites\/#breadcrumb\"},\"inLanguage\":\"en-US\",\"potentialAction\":[{\"@type\":\"ReadAction\",\"target\":[\"https:\/\/gflacroix.com\/secteurs-activites\/\"]}]},{\"@type\":\"ImageObject\",\"inLanguage\":\"en-US\",\"@id\":\"https:\/\/gflacroix.com\/secteurs-activites\/#primaryimage\",\"url\":\"https:\/\/gflacroix.com\/wp-content\/uploads\/2025\/05\/oprations-forestieres-gestion-forestiere0lacroix.jpg\",\"contentUrl\":\"https:\/\/gflacroix.com\/wp-content\/uploads\/2025\/05\/oprations-forestieres-gestion-forestiere0lacroix.jpg\",\"width\":1860,\"height\":915,\"caption\":\"oprations-forestieres-gestion-forestiere-lacroix\"},{\"@type\":\"BreadcrumbList\",\"@id\":\"https:\/\/gflacroix.com\/secteurs-activites\/#breadcrumb\",\"itemListElement\":[{\"@type\":\"ListItem\",\"position\":1,\"name\":\"Accueil\",\"item\":\"https:\/\/gflacroix.com\/\"},{\"@type\":\"ListItem\",\"position\":2,\"name\":\"Sectors of activity\"}]},{\"@type\":\"WebSite\",\"@id\":\"https:\/\/gflacroix.com\/#website\",\"url\":\"https:\/\/gflacroix.com\/\",\"name\":\"Gestion Foresti\u00e8re Lacroix\",\"description\":\"L&#039;entreprise effectue des travaux de r\u00e9colte foresti\u00e8re, de voirie foresti\u00e8re, du transport de bois de m\u00eame que des travaux sylvicoles et de gestion de la faune.\",\"publisher\":{\"@id\":\"https:\/\/gflacroix.com\/#organization\"},\"potentialAction\":[{\"@type\":\"SearchAction\",\"target\":{\"@type\":\"EntryPoint\",\"urlTemplate\":\"https:\/\/gflacroix.com\/?s={search_term_string}\"},\"query-input\":{\"@type\":\"PropertyValueSpecification\",\"valueRequired\":true,\"valueName\":\"search_term_string\"}}],\"inLanguage\":\"en-US\"},{\"@type\":\"Organization\",\"@id\":\"https:\/\/gflacroix.com\/#organization\",\"name\":\"Gestion Foresti\u00e8re Lacroix\",\"url\":\"https:\/\/gflacroix.com\/\",\"logo\":{\"@type\":\"ImageObject\",\"inLanguage\":\"en-US\",\"@id\":\"https:\/\/gflacroix.com\/#\/schema\/logo\/image\/\",\"url\":\"https:\/\/gflacroix.com\/wp-content\/uploads\/2025\/05\/i_logoLacroix.jpg\",\"contentUrl\":\"https:\/\/gflacroix.com\/wp-content\/uploads\/2025\/05\/i_logoLacroix.jpg\",\"width\":273,\"height\":75,\"caption\":\"Gestion Foresti\u00e8re Lacroix\"},\"image\":{\"@id\":\"https:\/\/gflacroix.com\/#\/schema\/logo\/image\/\"}}]}<\/script>\n<!-- \/ Yoast SEO plugin. -->","yoast_head_json":{"title":"Sectors of activity - Gestion Foresti\u00e8re Lacroix","robots":{"index":"index","follow":"follow","max-snippet":"max-snippet:-1","max-image-preview":"max-image-preview:large","max-video-preview":"max-video-preview:-1"},"canonical":"https:\/\/gflacroix.com\/secteurs-activites\/","og_locale":"en_US","og_type":"article","og_title":"Sectors of activity - Gestion Foresti\u00e8re Lacroix","og_description":"Sectors of activity","og_url":"https:\/\/gflacroix.com\/secteurs-activites\/","og_site_name":"Gestion Foresti\u00e8re Lacroix","article_modified_time":"2025-08-11T21:07:16+00:00","og_image":[{"width":1860,"height":915,"url":"https:\/\/gflacroix.com\/wp-content\/uploads\/2025\/05\/oprations-forestieres-gestion-forestiere0lacroix.jpg","type":"image\/jpeg"}],"twitter_card":"summary_large_image","twitter_misc":{"Est. reading time":"6 minutes"},"schema":{"@context":"https:\/\/schema.org","@graph":[{"@type":"WebPage","@id":"https:\/\/gflacroix.com\/secteurs-activites\/","url":"https:\/\/gflacroix.com\/secteurs-activites\/","name":"Sectors of activity - Gestion Foresti\u00e8re Lacroix","isPartOf":{"@id":"https:\/\/gflacroix.com\/#website"},"primaryImageOfPage":{"@id":"https:\/\/gflacroix.com\/secteurs-activites\/#primaryimage"},"image":{"@id":"https:\/\/gflacroix.com\/secteurs-activites\/#primaryimage"},"thumbnailUrl":"https:\/\/gflacroix.com\/wp-content\/uploads\/2025\/05\/oprations-forestieres-gestion-forestiere0lacroix.jpg","datePublished":"2025-07-02T11:45:47+00:00","dateModified":"2025-08-11T21:07:16+00:00","breadcrumb":{"@id":"https:\/\/gflacroix.com\/secteurs-activites\/#breadcrumb"},"inLanguage":"en-US","potentialAction":[{"@type":"ReadAction","target":["https:\/\/gflacroix.com\/secteurs-activites\/"]}]},{"@type":"ImageObject","inLanguage":"en-US","@id":"https:\/\/gflacroix.com\/secteurs-activites\/#primaryimage","url":"https:\/\/gflacroix.com\/wp-content\/uploads\/2025\/05\/oprations-forestieres-gestion-forestiere0lacroix.jpg","contentUrl":"https:\/\/gflacroix.com\/wp-content\/uploads\/2025\/05\/oprations-forestieres-gestion-forestiere0lacroix.jpg","width":1860,"height":915,"caption":"oprations-forestieres-gestion-forestiere-lacroix"},{"@type":"BreadcrumbList","@id":"https:\/\/gflacroix.com\/secteurs-activites\/#breadcrumb","itemListElement":[{"@type":"ListItem","position":1,"name":"Accueil","item":"https:\/\/gflacroix.com\/"},{"@type":"ListItem","position":2,"name":"Sectors of activity"}]},{"@type":"WebSite","@id":"https:\/\/gflacroix.com\/#website","url":"https:\/\/gflacroix.com\/","name":"Gestion Foresti\u00e8re Lacroix","description":"L&#039;entreprise effectue des travaux de r\u00e9colte foresti\u00e8re, de voirie foresti\u00e8re, du transport de bois de m\u00eame que des travaux sylvicoles et de gestion de la faune.","publisher":{"@id":"https:\/\/gflacroix.com\/#organization"},"potentialAction":[{"@type":"SearchAction","target":{"@type":"EntryPoint","urlTemplate":"https:\/\/gflacroix.com\/?s={search_term_string}"},"query-input":{"@type":"PropertyValueSpecification","valueRequired":true,"valueName":"search_term_string"}}],"inLanguage":"en-US"},{"@type":"Organization","@id":"https:\/\/gflacroix.com\/#organization","name":"Gestion Foresti\u00e8re Lacroix","url":"https:\/\/gflacroix.com\/","logo":{"@type":"ImageObject","inLanguage":"en-US","@id":"https:\/\/gflacroix.com\/#\/schema\/logo\/image\/","url":"https:\/\/gflacroix.com\/wp-content\/uploads\/2025\/05\/i_logoLacroix.jpg","contentUrl":"https:\/\/gflacroix.com\/wp-content\/uploads\/2025\/05\/i_logoLacroix.jpg","width":273,"height":75,"caption":"Gestion Foresti\u00e8re Lacroix"},"image":{"@id":"https:\/\/gflacroix.com\/#\/schema\/logo\/image\/"}}]}},"_links":{"self":[{"href":"https:\/\/gflacroix.com\/en\/wp-json\/wp\/v2\/pages\/496","targetHints":{"allow":["GET"]}}],"collection":[{"href":"https:\/\/gflacroix.com\/en\/wp-json\/wp\/v2\/pages"}],"about":[{"href":"https:\/\/gflacroix.com\/en\/wp-json\/wp\/v2\/types\/page"}],"author":[{"embeddable":true,"href":"https:\/\/gflacroix.com\/en\/wp-json\/wp\/v2\/users\/1"}],"replies":[{"embeddable":true,"href":"https:\/\/gflacroix.com\/en\/wp-json\/wp\/v2\/comments?post=496"}],"version-history":[{"count":13,"href":"https:\/\/gflacroix.com\/en\/wp-json\/wp\/v2\/pages\/496\/revisions"}],"predecessor-version":[{"id":628,"href":"https:\/\/gflacroix.com\/en\/wp-json\/wp\/v2\/pages\/496\/revisions\/628"}],"wp:featuredmedia":[{"embeddable":true,"href":"https:\/\/gflacroix.com\/en\/wp-json\/wp\/v2\/media\/396"}],"wp:attachment":[{"href":"https:\/\/gflacroix.com\/en\/wp-json\/wp\/v2\/media?parent=496"}],"curies":[{"name":"wp","href":"https:\/\/api.w.org\/{rel}","templated":true}]}}