{"id":468,"date":"2025-07-07T09:46:06","date_gmt":"2025-07-07T13:46:06","guid":{"rendered":"https:\/\/new.gflacroix.com\/contact\/"},"modified":"2025-08-11T17:06:27","modified_gmt":"2025-08-11T21:06:27","slug":"contact","status":"publish","type":"page","link":"https:\/\/gflacroix.com\/en\/contact\/","title":{"rendered":"Contact"},"content":{"rendered":"<p>[et_pb_section fb_built=&#8221;1&#8243; custom_padding_last_edited=&#8221;on|tablet&#8221; _builder_version=&#8221;4.27.4&#8243; _module_preset=&#8221;default&#8221; use_background_color_gradient=&#8221;on&#8221; background_color_gradient_stops=&#8221;rgba(20,71,30,0.77) 0%|rgba(20,71,30,0.68) 100%&#8221; background_color_gradient_overlays_image=&#8221;on&#8221; background_image=&#8221;http:\/\/gflacroix.com\/wp-content\/uploads\/2025\/07\/chasse-gestion-faune-accueil-gfli-2.jpg&#8221; custom_padding=&#8221;5%||5%||false|false&#8221; custom_padding_tablet=&#8221;10%||9%||false|false&#8221; custom_padding_phone=&#8221;14%||13%||false|false&#8221; global_colors_info=&#8221;{}&#8221;][et_pb_row use_custom_gutter=&#8221;on&#8221; gutter_width=&#8221;1&#8243; make_equal=&#8221;on&#8221; _builder_version=&#8221;4.27.4&#8243; _module_preset=&#8221;default&#8221; width=&#8221;90%&#8221; width_tablet=&#8221;90%&#8221; width_phone=&#8221;90%&#8221; width_last_edited=&#8221;on|tablet&#8221; max_width=&#8221;90%&#8221; max_width_tablet=&#8221;90%&#8221; max_width_phone=&#8221;90%&#8221; max_width_last_edited=&#8221;on|tablet&#8221; custom_padding=&#8221;0px||0px||true|false&#8221; global_colors_info=&#8221;{}&#8221;][et_pb_column type=&#8221;4_4&#8243; _builder_version=&#8221;4.27.4&#8243; _module_preset=&#8221;default&#8221; background_enable_color=&#8221;off&#8221; global_colors_info=&#8221;{}&#8221;][et_pb_text _builder_version=&#8221;4.27.4&#8243; _module_preset=&#8221;default&#8221; header_font=&#8221;|300||on|||||&#8221; header_text_align=&#8221;center&#8221; header_text_color=&#8221;#ffffff&#8221; header_font_size=&#8221;2.8vw&#8221; header_letter_spacing=&#8221;1px&#8221; max_width_tablet=&#8221;&#8221; max_width_phone=&#8221;&#8221; max_width_last_edited=&#8221;on|phone&#8221; module_alignment=&#8221;center&#8221; animation_style=&#8221;slide&#8221; animation_direction=&#8221;top&#8221; animation_duration=&#8221;500ms&#8221; animation_intensity_slide=&#8221;10%&#8221; header_font_size_tablet=&#8221;35px&#8221; header_font_size_phone=&#8221;30px&#8221; header_font_size_last_edited=&#8221;on|tablet&#8221; header_text_shadow_style=&#8221;preset3&#8243; header_text_shadow_blur_strength=&#8221;0.84em&#8221; header_text_shadow_color=&#8221;rgba(0,0,0,0.55)&#8221; global_colors_info=&#8221;{}&#8221;]<\/p>\n<h1>Contact us<\/h1>\n<p>[\/et_pb_text][\/et_pb_column][\/et_pb_row][\/et_pb_section][et_pb_section fb_built=&#8221;1&#8243; custom_padding_last_edited=&#8221;on|phone&#8221; _builder_version=&#8221;4.27.4&#8243; _module_preset=&#8221;default&#8221; background_color=&#8221;#f1f1f1&#8243; background_enable_image=&#8221;off&#8221; background_position=&#8221;bottom_center&#8221; custom_padding=&#8221;5%||5%||true|false&#8221; custom_padding_tablet=&#8221;5%||5%||true|false&#8221; custom_padding_phone=&#8221;0%||0%||true|false&#8221; global_colors_info=&#8221;{}&#8221;][et_pb_row column_structure=&#8221;1_2,1_2&#8243; use_custom_gutter=&#8221;on&#8221; gutter_width=&#8221;1&#8243; make_equal=&#8221;on&#8221; _builder_version=&#8221;4.27.4&#8243; _module_preset=&#8221;default&#8221; background_enable_image=&#8221;off&#8221; background_size=&#8221;custom&#8221; background_image_width=&#8221;75%&#8221; background_position=&#8221;center_right&#8221; width_tablet=&#8221;90%&#8221; width_phone=&#8221;100%&#8221; width_last_edited=&#8221;on|phone&#8221; max_width_tablet=&#8221;90%&#8221; max_width_phone=&#8221;100%&#8221; max_width_last_edited=&#8221;on|phone&#8221; custom_padding=&#8221;0px||0px||true|false&#8221; hover_enabled=&#8221;0&#8243; box_shadow_style=&#8221;preset1&#8243; box_shadow_color=&#8221;rgba(0,0,0,0.03)&#8221; global_colors_info=&#8221;{}&#8221; border_radii=&#8221;on|20px|20px|20px|20px&#8221; border_radii_last_edited=&#8221;on|phone&#8221; sticky_enabled=&#8221;0&#8243; border_radii_phone=&#8221;on|0px|0px|0px|0px&#8221; border_radii_tablet=&#8221;on|20px|20px|20px|20px&#8221;][et_pb_column type=&#8221;1_2&#8243; _builder_version=&#8221;4.27.4&#8243; _module_preset=&#8221;default&#8221; background_color=&#8221;#ffffff&#8221; custom_padding=&#8221;5%|5%|5%|5%|true|true&#8221; custom_padding_tablet=&#8221;8%|5%|10%|5%|false|true&#8221; custom_padding_phone=&#8221;12%|5%|12%|5%|false|true&#8221; custom_padding_last_edited=&#8221;on|phone&#8221; global_colors_info=&#8221;{}&#8221;][et_pb_blurb title=&#8221;Address&#8221; use_icon=&#8221;on&#8221; font_icon=&#8221;&#xe081;||divi||400&#8243; icon_color=&#8221;#DA6A00&#8243; image_icon_background_color=&#8221;RGBA(255,255,255,0)&#8221; icon_placement=&#8221;left&#8221; image_icon_width=&#8221;20px&#8221; content_max_width=&#8221;100%&#8221; _builder_version=&#8221;4.27.4&#8243; _module_preset=&#8221;default&#8221; header_font_size=&#8221;25px&#8221; image_icon_custom_margin=&#8221;5px||||false|false&#8221; custom_margin=&#8221;||40px||false|false&#8221; header_font_size_tablet=&#8221;25px&#8221; header_font_size_phone=&#8221;25px&#8221; header_font_size_last_edited=&#8221;on|phone&#8221; global_colors_info=&#8221;{}&#8221;]<\/p>\n<p>592 Chemin Leblanc, Nouvelle-Ouest (QC) G0C 2G0<br \/><a title=\"Voir sur Google Maps\" href=\"https:\/\/maps.app.goo.gl\/VK5xW8LuVMetcueS7\" target=\"_blank\" rel=\"noopener\">See on Google Maps<\/a><\/p>\n<p>[\/et_pb_blurb][et_pb_blurb title=&#8221;Phone number&#8221; use_icon=&#8221;on&#8221; font_icon=&#8221;&#xf879;||fa||900&#8243; icon_color=&#8221;#DA6A00&#8243; image_icon_background_color=&#8221;RGBA(255,255,255,0)&#8221; icon_placement=&#8221;left&#8221; image_icon_width=&#8221;20px&#8221; content_max_width=&#8221;100%&#8221; _builder_version=&#8221;4.27.4&#8243; _module_preset=&#8221;default&#8221; header_font_size=&#8221;25px&#8221; image_icon_custom_margin=&#8221;5px||||false|false&#8221; custom_margin=&#8221;||40px||false|false&#8221; header_font_size_tablet=&#8221;25px&#8221; header_font_size_phone=&#8221;25px&#8221; header_font_size_last_edited=&#8221;on|phone&#8221; global_colors_info=&#8221;{}&#8221;]<\/p>\n<p><a href=\"tel:4187942852\">418 794-2852<\/a><\/p>\n<p>[\/et_pb_blurb][et_pb_blurb title=&#8221;Email&#8221; use_icon=&#8221;on&#8221; font_icon=&#8221;&#xf0e0;||fa||900&#8243; icon_color=&#8221;#DA6A00&#8243; image_icon_background_color=&#8221;RGBA(255,255,255,0)&#8221; icon_placement=&#8221;left&#8221; image_icon_width=&#8221;20px&#8221; content_max_width=&#8221;100%&#8221; _builder_version=&#8221;4.27.4&#8243; _module_preset=&#8221;default&#8221; header_font_size=&#8221;25px&#8221; image_icon_custom_margin=&#8221;5px||||false|false&#8221; custom_margin=&#8221;||0px||false|false&#8221; custom_margin_tablet=&#8221;||||false|false&#8221; custom_margin_phone=&#8221;||||false|false&#8221; custom_margin_last_edited=&#8221;on|tablet&#8221; header_font_size_tablet=&#8221;25px&#8221; header_font_size_phone=&#8221;25px&#8221; header_font_size_last_edited=&#8221;on|phone&#8221; global_colors_info=&#8221;{}&#8221;]<\/p>\n<p><a href=\"mailto:info@gfli.ca\">info@gfli.ca<\/a><\/p>\n<p>[\/et_pb_blurb][\/et_pb_column][et_pb_column type=&#8221;1_2&#8243; _builder_version=&#8221;4.27.4&#8243; _module_preset=&#8221;default&#8221; background_image=&#8221;http:\/\/gflacroix.com\/wp-content\/uploads\/2025\/07\/a-propos-gestion-forestiere-lacroix.jpg&#8221; custom_padding_tablet=&#8221;30%||30%||true|false&#8221; custom_padding_phone=&#8221;30%||30%||true|false&#8221; custom_padding_last_edited=&#8221;on|tablet&#8221; global_colors_info=&#8221;{}&#8221;][\/et_pb_column][\/et_pb_row][\/et_pb_section][et_pb_section fb_built=&#8221;1&#8243; disabled_on=&#8221;on|on|on&#8221; _builder_version=&#8221;4.27.4&#8243; _module_preset=&#8221;default&#8221; background_color=&#8221;#14471E&#8221; background_enable_image=&#8221;off&#8221; background_position=&#8221;bottom_center&#8221; custom_padding=&#8221;0px||0px||true|false&#8221; background_color_tablet=&#8221;#ffffff&#8221; background_last_edited=&#8221;on|tablet&#8221; background_enable_color_tablet=&#8221;on&#8221; disabled=&#8221;on&#8221; global_colors_info=&#8221;{}&#8221;][et_pb_row column_structure=&#8221;1_2,1_2&#8243; use_custom_gutter=&#8221;on&#8221; gutter_width=&#8221;1&#8243; make_equal=&#8221;on&#8221; custom_padding_last_edited=&#8221;on|tablet&#8221; _builder_version=&#8221;4.27.4&#8243; _module_preset=&#8221;default&#8221; width=&#8221;100%&#8221; width_tablet=&#8221;90%&#8221; width_phone=&#8221;100%&#8221; width_last_edited=&#8221;on|desktop&#8221; max_width=&#8221;100%&#8221; max_width_tablet=&#8221;90%&#8221; max_width_phone=&#8221;100%&#8221; max_width_last_edited=&#8221;on|phone&#8221; custom_margin=&#8221;||||false|false&#8221; custom_padding=&#8221;20px|20px|20px|20px|false|true&#8221; custom_padding_tablet=&#8221;5%|0px|5%|0px|true|true&#8221; custom_padding_phone=&#8221;5%|0px|5%|0px|true|true&#8221; border_width_bottom_tablet=&#8221;&#8221; border_width_bottom_phone=&#8221;&#8221; border_width_bottom_last_edited=&#8221;on|tablet&#8221; global_colors_info=&#8221;{}&#8221;][et_pb_column type=&#8221;1_2&#8243; _builder_version=&#8221;4.27.4&#8243; _module_preset=&#8221;default&#8221; background_color=&#8221;RGBA(255,255,255,0)&#8221; background_image=&#8221;http:\/\/gflacroix.com\/wp-content\/uploads\/2025\/05\/chasse-gestion-faune-accueil-gfli.jpg&#8221; custom_padding=&#8221;20%|0px|0px|0px|false|true&#8221; custom_padding_tablet=&#8221;25%||25%||false|true&#8221; custom_padding_phone=&#8221;25%||25%||false|true&#8221; custom_padding_last_edited=&#8221;on|phone&#8221; border_color_all=&#8221;#14471E&#8221; border_width_right=&#8221;10px&#8221; border_color_bottom=&#8221;#ffffff&#8221; border_width_right_tablet=&#8221;0px&#8221; border_width_right_phone=&#8221;0px&#8221; border_width_right_last_edited=&#8221;on|tablet&#8221; border_width_bottom_tablet=&#8221;20px&#8221; border_width_bottom_phone=&#8221;20px&#8221; border_width_bottom_last_edited=&#8221;on|tablet&#8221; global_colors_info=&#8221;{}&#8221;][et_pb_text _builder_version=&#8221;4.27.4&#8243; _module_preset=&#8221;default&#8221; global_colors_info=&#8221;{}&#8221;][\/et_pb_text][\/et_pb_column][et_pb_column type=&#8221;1_2&#8243; _builder_version=&#8221;4.27.4&#8243; _module_preset=&#8221;default&#8221; background_color=&#8221;RGBA(255,255,255,0)&#8221; background_image=&#8221;http:\/\/gflacroix.com\/wp-content\/uploads\/2025\/07\/Gestion-faunique-reserve-Duniere-gfli-4.jpg&#8221; background_position=&#8221;top_center&#8221; custom_padding=&#8221;20%|0px|0px|0px|false|true&#8221; custom_padding_tablet=&#8221;25%|0px|25%|0px|true|true&#8221; custom_padding_phone=&#8221;25%|0px|25%|0px|true|true&#8221; custom_padding_last_edited=&#8221;on|tablet&#8221; border_color_all=&#8221;#14471E&#8221; border_width_left=&#8221;10px&#8221; border_width_left_tablet=&#8221;0px&#8221; border_width_left_phone=&#8221;0px&#8221; border_width_left_last_edited=&#8221;on|tablet&#8221; global_colors_info=&#8221;{}&#8221;][et_pb_text _builder_version=&#8221;4.27.4&#8243; _module_preset=&#8221;default&#8221; global_colors_info=&#8221;{}&#8221;][\/et_pb_text][\/et_pb_column][\/et_pb_row][\/et_pb_section]<\/p>\n","protected":false},"excerpt":{"rendered":"<p>Contact us592 Chemin Leblanc, Nouvelle-Ouest (QC) G0C 2G0See on Google Maps418 794-2852info@gfli.ca<\/p>\n","protected":false},"author":1,"featured_media":414,"parent":0,"menu_order":0,"comment_status":"closed","ping_status":"closed","template":"","meta":{"_et_pb_use_builder":"on","_et_pb_old_content":"","_et_gb_content_width":"","footnotes":""},"class_list":["post-468","page","type-page","status-publish","has-post-thumbnail","hentry"],"yoast_head":"<!-- This site is optimized with the Yoast SEO plugin v25.6 - https:\/\/yoast.com\/wordpress\/plugins\/seo\/ -->\n<title>Contact - Gestion Foresti\u00e8re Lacroix<\/title>\n<meta name=\"robots\" content=\"index, follow, max-snippet:-1, max-image-preview:large, max-video-preview:-1\" \/>\n<link rel=\"canonical\" href=\"https:\/\/gflacroix.com\/nous-joindre\/\" \/>\n<meta property=\"og:locale\" content=\"en_US\" \/>\n<meta property=\"og:type\" content=\"article\" \/>\n<meta property=\"og:title\" content=\"Contact - Gestion Foresti\u00e8re Lacroix\" \/>\n<meta property=\"og:description\" content=\"Contact us592 Chemin Leblanc, Nouvelle-Ouest (QC) G0C 2G0See on Google Maps418 794-2852info@gfli.ca\" \/>\n<meta property=\"og:url\" content=\"https:\/\/gflacroix.com\/nous-joindre\/\" \/>\n<meta property=\"og:site_name\" content=\"Gestion Foresti\u00e8re Lacroix\" \/>\n<meta property=\"article:modified_time\" content=\"2025-08-11T21:06:27+00:00\" \/>\n<meta property=\"og:image\" content=\"https:\/\/gflacroix.com\/wp-content\/uploads\/2025\/07\/a-propos-gestion-forestiere-lacroix.jpg\" \/>\n\t<meta property=\"og:image:width\" content=\"1860\" \/>\n\t<meta property=\"og:image:height\" content=\"994\" \/>\n\t<meta property=\"og:image:type\" content=\"image\/jpeg\" \/>\n<meta name=\"twitter:card\" content=\"summary_large_image\" \/>\n<meta name=\"twitter:label1\" content=\"Est. reading time\" \/>\n\t<meta name=\"twitter:data1\" content=\"5 minutes\" \/>\n<script type=\"application\/ld+json\" class=\"yoast-schema-graph\">{\"@context\":\"https:\/\/schema.org\",\"@graph\":[{\"@type\":\"WebPage\",\"@id\":\"https:\/\/gflacroix.com\/nous-joindre\/\",\"url\":\"https:\/\/gflacroix.com\/nous-joindre\/\",\"name\":\"Contact - Gestion Foresti\u00e8re Lacroix\",\"isPartOf\":{\"@id\":\"https:\/\/gflacroix.com\/#website\"},\"primaryImageOfPage\":{\"@id\":\"https:\/\/gflacroix.com\/nous-joindre\/#primaryimage\"},\"image\":{\"@id\":\"https:\/\/gflacroix.com\/nous-joindre\/#primaryimage\"},\"thumbnailUrl\":\"https:\/\/gflacroix.com\/wp-content\/uploads\/2025\/07\/a-propos-gestion-forestiere-lacroix.jpg\",\"datePublished\":\"2025-07-07T13:46:06+00:00\",\"dateModified\":\"2025-08-11T21:06:27+00:00\",\"breadcrumb\":{\"@id\":\"https:\/\/gflacroix.com\/nous-joindre\/#breadcrumb\"},\"inLanguage\":\"en-US\",\"potentialAction\":[{\"@type\":\"ReadAction\",\"target\":[\"https:\/\/gflacroix.com\/nous-joindre\/\"]}]},{\"@type\":\"ImageObject\",\"inLanguage\":\"en-US\",\"@id\":\"https:\/\/gflacroix.com\/nous-joindre\/#primaryimage\",\"url\":\"https:\/\/gflacroix.com\/wp-content\/uploads\/2025\/07\/a-propos-gestion-forestiere-lacroix.jpg\",\"contentUrl\":\"https:\/\/gflacroix.com\/wp-content\/uploads\/2025\/07\/a-propos-gestion-forestiere-lacroix.jpg\",\"width\":1860,\"height\":994},{\"@type\":\"BreadcrumbList\",\"@id\":\"https:\/\/gflacroix.com\/nous-joindre\/#breadcrumb\",\"itemListElement\":[{\"@type\":\"ListItem\",\"position\":1,\"name\":\"Accueil\",\"item\":\"https:\/\/gflacroix.com\/\"},{\"@type\":\"ListItem\",\"position\":2,\"name\":\"Contact\"}]},{\"@type\":\"WebSite\",\"@id\":\"https:\/\/gflacroix.com\/#website\",\"url\":\"https:\/\/gflacroix.com\/\",\"name\":\"Gestion Foresti\u00e8re Lacroix\",\"description\":\"L&#039;entreprise effectue des travaux de r\u00e9colte foresti\u00e8re, de voirie foresti\u00e8re, du transport de bois de m\u00eame que des travaux sylvicoles et de gestion de la faune.\",\"publisher\":{\"@id\":\"https:\/\/gflacroix.com\/#organization\"},\"potentialAction\":[{\"@type\":\"SearchAction\",\"target\":{\"@type\":\"EntryPoint\",\"urlTemplate\":\"https:\/\/gflacroix.com\/?s={search_term_string}\"},\"query-input\":{\"@type\":\"PropertyValueSpecification\",\"valueRequired\":true,\"valueName\":\"search_term_string\"}}],\"inLanguage\":\"en-US\"},{\"@type\":\"Organization\",\"@id\":\"https:\/\/gflacroix.com\/#organization\",\"name\":\"Gestion Foresti\u00e8re Lacroix\",\"url\":\"https:\/\/gflacroix.com\/\",\"logo\":{\"@type\":\"ImageObject\",\"inLanguage\":\"en-US\",\"@id\":\"https:\/\/gflacroix.com\/#\/schema\/logo\/image\/\",\"url\":\"https:\/\/gflacroix.com\/wp-content\/uploads\/2025\/05\/i_logoLacroix.jpg\",\"contentUrl\":\"https:\/\/gflacroix.com\/wp-content\/uploads\/2025\/05\/i_logoLacroix.jpg\",\"width\":273,\"height\":75,\"caption\":\"Gestion Foresti\u00e8re Lacroix\"},\"image\":{\"@id\":\"https:\/\/gflacroix.com\/#\/schema\/logo\/image\/\"}}]}<\/script>\n<!-- \/ Yoast SEO plugin. -->","yoast_head_json":{"title":"Contact - Gestion Foresti\u00e8re Lacroix","robots":{"index":"index","follow":"follow","max-snippet":"max-snippet:-1","max-image-preview":"max-image-preview:large","max-video-preview":"max-video-preview:-1"},"canonical":"https:\/\/gflacroix.com\/nous-joindre\/","og_locale":"en_US","og_type":"article","og_title":"Contact - Gestion Foresti\u00e8re Lacroix","og_description":"Contact us592 Chemin Leblanc, Nouvelle-Ouest (QC) G0C 2G0See on Google Maps418 794-2852info@gfli.ca","og_url":"https:\/\/gflacroix.com\/nous-joindre\/","og_site_name":"Gestion Foresti\u00e8re Lacroix","article_modified_time":"2025-08-11T21:06:27+00:00","og_image":[{"width":1860,"height":994,"url":"https:\/\/gflacroix.com\/wp-content\/uploads\/2025\/07\/a-propos-gestion-forestiere-lacroix.jpg","type":"image\/jpeg"}],"twitter_card":"summary_large_image","twitter_misc":{"Est. reading time":"5 minutes"},"schema":{"@context":"https:\/\/schema.org","@graph":[{"@type":"WebPage","@id":"https:\/\/gflacroix.com\/nous-joindre\/","url":"https:\/\/gflacroix.com\/nous-joindre\/","name":"Contact - Gestion Foresti\u00e8re Lacroix","isPartOf":{"@id":"https:\/\/gflacroix.com\/#website"},"primaryImageOfPage":{"@id":"https:\/\/gflacroix.com\/nous-joindre\/#primaryimage"},"image":{"@id":"https:\/\/gflacroix.com\/nous-joindre\/#primaryimage"},"thumbnailUrl":"https:\/\/gflacroix.com\/wp-content\/uploads\/2025\/07\/a-propos-gestion-forestiere-lacroix.jpg","datePublished":"2025-07-07T13:46:06+00:00","dateModified":"2025-08-11T21:06:27+00:00","breadcrumb":{"@id":"https:\/\/gflacroix.com\/nous-joindre\/#breadcrumb"},"inLanguage":"en-US","potentialAction":[{"@type":"ReadAction","target":["https:\/\/gflacroix.com\/nous-joindre\/"]}]},{"@type":"ImageObject","inLanguage":"en-US","@id":"https:\/\/gflacroix.com\/nous-joindre\/#primaryimage","url":"https:\/\/gflacroix.com\/wp-content\/uploads\/2025\/07\/a-propos-gestion-forestiere-lacroix.jpg","contentUrl":"https:\/\/gflacroix.com\/wp-content\/uploads\/2025\/07\/a-propos-gestion-forestiere-lacroix.jpg","width":1860,"height":994},{"@type":"BreadcrumbList","@id":"https:\/\/gflacroix.com\/nous-joindre\/#breadcrumb","itemListElement":[{"@type":"ListItem","position":1,"name":"Accueil","item":"https:\/\/gflacroix.com\/"},{"@type":"ListItem","position":2,"name":"Contact"}]},{"@type":"WebSite","@id":"https:\/\/gflacroix.com\/#website","url":"https:\/\/gflacroix.com\/","name":"Gestion Foresti\u00e8re Lacroix","description":"L&#039;entreprise effectue des travaux de r\u00e9colte foresti\u00e8re, de voirie foresti\u00e8re, du transport de bois de m\u00eame que des travaux sylvicoles et de gestion de la faune.","publisher":{"@id":"https:\/\/gflacroix.com\/#organization"},"potentialAction":[{"@type":"SearchAction","target":{"@type":"EntryPoint","urlTemplate":"https:\/\/gflacroix.com\/?s={search_term_string}"},"query-input":{"@type":"PropertyValueSpecification","valueRequired":true,"valueName":"search_term_string"}}],"inLanguage":"en-US"},{"@type":"Organization","@id":"https:\/\/gflacroix.com\/#organization","name":"Gestion Foresti\u00e8re Lacroix","url":"https:\/\/gflacroix.com\/","logo":{"@type":"ImageObject","inLanguage":"en-US","@id":"https:\/\/gflacroix.com\/#\/schema\/logo\/image\/","url":"https:\/\/gflacroix.com\/wp-content\/uploads\/2025\/05\/i_logoLacroix.jpg","contentUrl":"https:\/\/gflacroix.com\/wp-content\/uploads\/2025\/05\/i_logoLacroix.jpg","width":273,"height":75,"caption":"Gestion Foresti\u00e8re Lacroix"},"image":{"@id":"https:\/\/gflacroix.com\/#\/schema\/logo\/image\/"}}]}},"_links":{"self":[{"href":"https:\/\/gflacroix.com\/en\/wp-json\/wp\/v2\/pages\/468","targetHints":{"allow":["GET"]}}],"collection":[{"href":"https:\/\/gflacroix.com\/en\/wp-json\/wp\/v2\/pages"}],"about":[{"href":"https:\/\/gflacroix.com\/en\/wp-json\/wp\/v2\/types\/page"}],"author":[{"embeddable":true,"href":"https:\/\/gflacroix.com\/en\/wp-json\/wp\/v2\/users\/1"}],"replies":[{"embeddable":true,"href":"https:\/\/gflacroix.com\/en\/wp-json\/wp\/v2\/comments?post=468"}],"version-history":[{"count":9,"href":"https:\/\/gflacroix.com\/en\/wp-json\/wp\/v2\/pages\/468\/revisions"}],"predecessor-version":[{"id":620,"href":"https:\/\/gflacroix.com\/en\/wp-json\/wp\/v2\/pages\/468\/revisions\/620"}],"wp:featuredmedia":[{"embeddable":true,"href":"https:\/\/gflacroix.com\/en\/wp-json\/wp\/v2\/media\/414"}],"wp:attachment":[{"href":"https:\/\/gflacroix.com\/en\/wp-json\/wp\/v2\/media?parent=468"}],"curies":[{"name":"wp","href":"https:\/\/api.w.org\/{rel}","templated":true}]}}